{"id":12,"date":"2018-11-01T12:43:32","date_gmt":"2018-11-01T12:43:32","guid":{"rendered":"http:\/\/localhost\/hotello\/motel\/gallery\/"},"modified":"2021-07-03T14:11:01","modified_gmt":"2021-07-03T14:11:01","slug":"galeria","status":"publish","type":"page","link":"https:\/\/www.laflorestahotel.com.co\/en\/galeria\/","title":{"rendered":"Gallery"},"content":{"rendered":"<div class=\"wpb-content-wrapper\"><div class=\"container vc_container\" ><div class=\"vc_row wpb_row vc_row-fluid\"><div class=\"wpb_column vc_column_container vc_col-sm-12\">\n    <div class=\"vc_column-inner\">\n        <div class=\"wpb_wrapper\">\n            <div  class=\"vc_wp_text wpb_content_element\"><div class=\"widget widget_text\">\t\t\t<div class=\"textwidget\"><\/p>\n<h4>Learn more in our image gallery where you will learn more about our hotel and all the activities you can find when you stay with us.<\/h4>\n<p>\n<\/div>\n\t\t<\/div><\/div><div  class=\"vc_wp_text wpb_content_element\"><div class=\"widget widget_text\">\t\t\t<div class=\"textwidget\"><div id=\"sb_instagram\"  class=\"sbi sbi_mob_col_1 sbi_tab_col_2 sbi_col_4 sbi_disable_mobile\" style=\"padding-bottom: 10px; width: 100%;\"\t data-feedid=\"*1\"  data-res=\"auto\" data-cols=\"4\" data-colsmobile=\"1\" data-colstablet=\"2\" data-num=\"20\" data-nummobile=\"\" data-item-padding=\"5\"\t data-shortcode-atts=\"{&quot;cachetime&quot;:30}\"  data-postid=\"\" data-locatornonce=\"2273d7c833\" data-imageaspectratio=\"1:1\" data-sbi-flags=\"favorLocal\">\n<div id=\"sbi_images\"  style=\"gap: 10px;\">\n\t\t\t<\/div>\n<div id=\"sbi_load\" >\n<p>\t\t\t<span class=\"sbi_follow_btn sbi_custom\" ><br \/>\n\t\t\t<a target=\"_blank\"\n\t\t\t\trel=\"nofollow noopener\"  href=\"https:\/\/www.instagram.com\/laflorestahotelsalento\/\" style=\"background: rgb(29,182,242);color: rgb(255,255,255);\"><br \/>\n\t\t\t\t<svg class=\"svg-inline--fa fa-instagram fa-w-14\" aria-hidden=\"true\" data-fa-processed=\"\" aria-label=\"Instagram\" data-prefix=\"fab\" data-icon=\"instagram\" role=\"img\" viewbox=\"0 0 448 512\">\n                    <path fill=\"currentColor\" d=\"M224.1 141c-63.6 0-114.9 51.3-114.9 114.9s51.3 114.9 114.9 114.9S339 319.5 339 255.9 287.7 141 224.1 141zm0 189.6c-41.1 0-74.7-33.5-74.7-74.7s33.5-74.7 74.7-74.7 74.7 33.5 74.7 74.7-33.6 74.7-74.7 74.7zm146.4-194.3c0 14.9-12 26.8-26.8 26.8-14.9 0-26.8-12-26.8-26.8s12-26.8 26.8-26.8 26.8 12 26.8 26.8zm76.1 27.2c-1.7-35.9-9.9-67.7-36.2-93.9-26.2-26.2-58-34.4-93.9-36.2-37-2.1-147.9-2.1-184.9 0-35.8 1.7-67.6 9.9-93.9 36.1s-34.4 58-36.2 93.9c-2.1 37-2.1 147.9 0 184.9 1.7 35.9 9.9 67.7 36.2 93.9s58 34.4 93.9 36.2c37 2.1 147.9 2.1 184.9 0 35.9-1.7 67.7-9.9 93.9-36.2 26.2-26.2 34.4-58 36.2-93.9 2.1-37 2.1-147.8 0-184.8zM398.8 388c-7.8 19.6-22.9 34.7-42.6 42.6-29.5 11.7-99.5 9-132.1 9s-102.7 2.6-132.1-9c-19.6-7.8-34.7-22.9-42.6-42.6-11.7-29.5-9-99.5-9-132.1s-2.6-102.7 9-132.1c7.8-19.6 22.9-34.7 42.6-42.6 29.5-11.7 99.5-9 132.1-9s102.7-2.6 132.1 9c19.6 7.8 34.7 22.9 42.6 42.6 11.7 29.5 9 99.5 9 132.1s2.7 102.7-9 132.1z\"><\/path>\n                <\/svg>\t\t\t\t<span>Follow us on Instagram<\/span><br \/>\n\t\t\t<\/a><br \/>\n\t\t<\/span><\/p>\n<\/div>\n<p>\t\t<span class=\"sbi_resized_image_data\" data-feed-id=\"*1\"\n\t\t  data-resized=\"null\"><br \/>\n\t<\/span>\n\t<\/div>\n<\/div>\n\t\t<\/div><\/div>        <\/div>\n    <\/div>\n<\/div><\/div><\/div>\n<\/div>","protected":false},"excerpt":{"rendered":"Conoce mas en nuestra galer\u00eda de im\u00e1genes donde conocer\u00e1s mas de nuestro hotel y de todas las actividades que puedes encontrar cuando te hospedas con nosotros. S\u00edguenos en Instagram","protected":false},"author":1,"featured_media":0,"parent":0,"menu_order":3,"comment_status":"closed","ping_status":"closed","template":"","meta":{"_joinchat":[],"footnotes":""},"class_list":["post-12","page","type-page","status-publish","hentry"],"aioseo_notices":[],"_links":{"self":[{"href":"https:\/\/www.laflorestahotel.com.co\/en\/wp-json\/wp\/v2\/pages\/12","targetHints":{"allow":["GET"]}}],"collection":[{"href":"https:\/\/www.laflorestahotel.com.co\/en\/wp-json\/wp\/v2\/pages"}],"about":[{"href":"https:\/\/www.laflorestahotel.com.co\/en\/wp-json\/wp\/v2\/types\/page"}],"author":[{"embeddable":true,"href":"https:\/\/www.laflorestahotel.com.co\/en\/wp-json\/wp\/v2\/users\/1"}],"replies":[{"embeddable":true,"href":"https:\/\/www.laflorestahotel.com.co\/en\/wp-json\/wp\/v2\/comments?post=12"}],"version-history":[{"count":1,"href":"https:\/\/www.laflorestahotel.com.co\/en\/wp-json\/wp\/v2\/pages\/12\/revisions"}],"predecessor-version":[{"id":1440,"href":"https:\/\/www.laflorestahotel.com.co\/en\/wp-json\/wp\/v2\/pages\/12\/revisions\/1440"}],"wp:attachment":[{"href":"https:\/\/www.laflorestahotel.com.co\/en\/wp-json\/wp\/v2\/media?parent=12"}],"curies":[{"name":"wp","href":"https:\/\/api.w.org\/{rel}","templated":true}]}}